{"id":26,"date":"2019-01-29T15:40:20","date_gmt":"2019-01-29T15:40:20","guid":{"rendered":"http:\/\/pack-in.ch\/?page_id=26"},"modified":"2023-05-12T23:10:33","modified_gmt":"2023-05-12T23:10:33","slug":"about-us","status":"publish","type":"page","link":"https:\/\/pack-in.ch\/en\/about-us\/","title":{"rendered":"about us"},"content":{"rendered":"<div data-elementor-type=\"wp-post\" data-elementor-id=\"26\" class=\"elementor elementor-26\">\n\t\t\t\t\t\t<section class=\"elementor-section elementor-top-section elementor-element elementor-element-52da55a elementor-section-stretched elementor-section-boxed elementor-section-height-default elementor-section-height-default\" data-id=\"52da55a\" data-element_type=\"section\" data-e-type=\"section\" data-settings=\"{&quot;stretch_section&quot;:&quot;section-stretched&quot;}\">\n\t\t\t\t\t\t<div class=\"elementor-container elementor-column-gap-no\">\n\t\t\t\t\t<div class=\"elementor-column elementor-col-50 elementor-top-column elementor-element elementor-element-5a5a782\" data-id=\"5a5a782\" data-element_type=\"column\" data-e-type=\"column\">\n\t\t\t<div class=\"elementor-widget-wrap elementor-element-populated\">\n\t\t\t\t\t\t<div class=\"elementor-element elementor-element-fb98e53 elementor-widget elementor-widget-image\" data-id=\"fb98e53\" data-element_type=\"widget\" data-e-type=\"widget\" data-widget_type=\"image.default\">\n\t\t\t\t<div class=\"elementor-widget-container\">\n\t\t\t\t\t\t\t\t\t\t\t\t<figure class=\"wp-caption\">\n\t\t\t\t\t\t\t\t\t\t<img fetchpriority=\"high\" decoding=\"async\" width=\"1024\" height=\"683\" src=\"https:\/\/pack-in.ch\/wp-content\/uploads\/2019\/01\/samuel-zeller-118195-unsplash-3-1024x683.jpg\" class=\"attachment-large size-large wp-image-227\" alt=\"\" srcset=\"https:\/\/pack-in.ch\/wp-content\/uploads\/2019\/01\/samuel-zeller-118195-unsplash-3-1024x683.jpg 1024w, https:\/\/pack-in.ch\/wp-content\/uploads\/2019\/01\/samuel-zeller-118195-unsplash-3-300x200.jpg 300w, https:\/\/pack-in.ch\/wp-content\/uploads\/2019\/01\/samuel-zeller-118195-unsplash-3-768x512.jpg 768w, https:\/\/pack-in.ch\/wp-content\/uploads\/2019\/01\/samuel-zeller-118195-unsplash-3-930x620.jpg 930w, https:\/\/pack-in.ch\/wp-content\/uploads\/2019\/01\/samuel-zeller-118195-unsplash-3.jpg 2000w\" sizes=\"(max-width: 1024px) 100vw, 1024px\" \/>\t\t\t\t\t\t\t\t\t\t\t<figcaption class=\"widget-image-caption wp-caption-text\">Image by Samuel Zeller<\/figcaption>\n\t\t\t\t\t\t\t\t\t\t<\/figure>\n\t\t\t\t\t\t\t\t\t<\/div>\n\t\t\t\t<\/div>\n\t\t\t\t\t<\/div>\n\t\t<\/div>\n\t\t\t\t<div class=\"elementor-column elementor-col-50 elementor-top-column elementor-element elementor-element-d982e16\" data-id=\"d982e16\" data-element_type=\"column\" data-e-type=\"column\">\n\t\t\t<div class=\"elementor-widget-wrap elementor-element-populated\">\n\t\t\t\t\t\t<div class=\"elementor-element elementor-element-35c7437 elementor-widget elementor-widget-text-editor\" data-id=\"35c7437\" data-element_type=\"widget\" data-e-type=\"widget\" data-widget_type=\"text-editor.default\">\n\t\t\t\t<div class=\"elementor-widget-container\">\n\t\t\t\t\t\t\t\t\t<h3>It all started in the year of 1995, when Pack-In was founded in Flawil, St. Gallen. In the first years, the business was run as a one-man business. Over the years, it began to grow and today provides employment for 20 people. In 2004, the Pack-In was converted into a joint-stock company and henceforth continued under the name Pack-In AG.<\/h3>\n<h3><!-- \/wp:paragraph --><\/h3>\n<h3><!-- wp:paragraph --><\/h3>\n<h3>&nbsp;<\/h3>\n<h3>Our expertise lies in logistics and delivery. We organize the stock management for retail stores throughout Switzerland.<\/h3>\t\t\t\t\t\t\t\t<\/div>\n\t\t\t\t<\/div>\n\t\t\t\t\t<\/div>\n\t\t<\/div>\n\t\t\t\t\t<\/div>\n\t\t<\/section>\n\t\t\t\t<\/div>","protected":false},"excerpt":{"rendered":"<p>Image by Samuel Zeller Begonnen hat alles 1995, als die Firma Pack-In in Flawil, St. Gallen gegr\u00fcndet wurde. In den ersten Jahren wurde das Gesch\u00e4ft als Einmannbetrieb gef\u00fchrt. Im Laufe der Jahre begann es zu wachsen, und bietet heute Besch\u00e4ftigung f\u00fcr 20 Mitarbeiter:innen. Im Jahre 2004 wurde die Pack-In in eine Aktiengesellschaft umgewandelt und fortan&hellip;&nbsp;<a href=\"https:\/\/pack-in.ch\/en\/about-us\/\" rel=\"bookmark\">Read More &raquo;<span class=\"screen-reader-text\">about us<\/span><\/a><\/p>","protected":false},"author":1,"featured_media":0,"parent":0,"menu_order":1,"comment_status":"closed","ping_status":"closed","template":"page-templates\/template-pagebuilder-full-width.php","meta":{"neve_meta_sidebar":"","neve_meta_container":"","neve_meta_enable_content_width":"","neve_meta_content_width":70,"neve_meta_title_alignment":"","neve_meta_author_avatar":"","neve_post_elements_order":"","neve_meta_disable_header":"","neve_meta_disable_footer":"","neve_meta_disable_title":"","footnotes":""},"class_list":["post-26","page","type-page","status-publish","hentry"],"_links":{"self":[{"href":"https:\/\/pack-in.ch\/en\/wp-json\/wp\/v2\/pages\/26","targetHints":{"allow":["GET"]}}],"collection":[{"href":"https:\/\/pack-in.ch\/en\/wp-json\/wp\/v2\/pages"}],"about":[{"href":"https:\/\/pack-in.ch\/en\/wp-json\/wp\/v2\/types\/page"}],"author":[{"embeddable":true,"href":"https:\/\/pack-in.ch\/en\/wp-json\/wp\/v2\/users\/1"}],"replies":[{"embeddable":true,"href":"https:\/\/pack-in.ch\/en\/wp-json\/wp\/v2\/comments?post=26"}],"version-history":[{"count":14,"href":"https:\/\/pack-in.ch\/en\/wp-json\/wp\/v2\/pages\/26\/revisions"}],"predecessor-version":[{"id":270,"href":"https:\/\/pack-in.ch\/en\/wp-json\/wp\/v2\/pages\/26\/revisions\/270"}],"wp:attachment":[{"href":"https:\/\/pack-in.ch\/en\/wp-json\/wp\/v2\/media?parent=26"}],"curies":[{"name":"wp","href":"https:\/\/api.w.org\/{rel}","templated":true}]}}